{"id":564,"date":"2023-04-29T21:18:01","date_gmt":"2023-04-29T21:18:01","guid":{"rendered":"http:\/\/www.regndroppar.com\/blogg\/qub\/?page_id=564"},"modified":"2023-05-01T21:54:29","modified_gmt":"2023-05-01T21:54:29","slug":"information","status":"publish","type":"page","link":"http:\/\/www.regndroppar.com\/blogg\/qub\/information\/","title":{"rendered":"information"},"content":{"rendered":"<span class=\"span-reading-time rt-reading-time\" style=\"display: block;\"><span class=\"rt-label rt-prefix\">L\u00e4stid: <\/span> <span class=\"rt-time\"> &lt; 1<\/span> <span class=\"rt-label rt-postfix\">minut<\/span><\/span>\n<div class=\"wp-block-image\"><figure class=\"aligncenter size-large\"><img fetchpriority=\"high\" decoding=\"async\" width=\"312\" height=\"250\" src=\"http:\/\/www.regndroppar.com\/blogg\/qub\/files\/2023\/04\/regndroppar-information.png\" alt=\"information\" class=\"wp-image-565\" srcset=\"http:\/\/www.regndroppar.com\/blogg\/qub\/files\/2023\/04\/regndroppar-information.png 312w, http:\/\/www.regndroppar.com\/blogg\/qub\/files\/2023\/04\/regndroppar-information-300x240.png 300w\" sizes=\"(max-width: 312px) 100vw, 312px\" \/><\/figure><\/div>\n\n\n\n<p class=\"wp-block-paragraph\"><em>#tankar och resonemang<\/em><\/p>\n\n\n\n<p class=\"wp-block-paragraph\">F\u00f6r mig \u00e4r en personlig, \u00f6ppen, genuin, inbjudande och lyh\u00f6rd ton extremt viktig.<\/p>\n\n\n\n<p class=\"wp-block-paragraph\">Jag har de senaste 35 \u00e5ren jobbat aktivt med omv\u00e4rdsbevakning samt har ett stort informationsfl\u00f6de kring nya utvecklingar, gamla insikter och samtida utmaningar.<\/p>\n\n\n\n<p class=\"wp-block-paragraph\">Allt det f\u00f6rs\u00f6ker jag sammanst\u00e4lla p\u00e5 sammanfattande och enkla s\u00e4tt &#8211; redan innan <strong><em>ChatGPT <\/em><\/strong>kom in i bilden &#8211; till muntlig samtal, informationsblad i b\u00e5de print och digital form samt andra former av delbart material.<\/p>\n\n\n\n<p class=\"wp-block-paragraph\">&#8211; F\u00f6r mig \u00e4r kunskap inte n\u00e5got man b\u00e4r p\u00e5, utan n\u00e5got som man delar och som uppst\u00e5r just i \u00f6verf\u00f6ringen.<\/p>\n\n\n\n<p class=\"wp-block-paragraph\">Jag f\u00f6rs\u00f6ker sammanst\u00e4lla och s\u00e4tta ihop &#8211; b\u00e5de i f\u00f6rebyggande syfte och utifr\u00e5n rena uppdrag &#8211; tydliga och enkla mallar utifr\u00e5n vad som g\u00e4ller kring olika produktionss\u00e4tt inom media. Hur och varf\u00f6r, \u00e4r ledorden samtidigt som tydlighet och enkelheten att ta till sig det, \u00e4r A och O.<\/p>\n\n\n\n<p class=\"wp-block-paragraph\">Att f\u00f6rst\u00e5 syftet hos mottagaren \u00e4r essentiellt, s\u00e5 att jag \u00e4ven kan erbjuda ett merv\u00e4rde som uppmuntrar utforskande, f\u00f6rst\u00e5ende och kreativitet &#8211; ist\u00e4llet f\u00f6r ett gr\u00e5tt, tort och kompakt tungt block av data som kr\u00e4ver att man \u00e4r insatt.<\/p>\n<div class=\"gsp_post_data\" \r\n\t            data-post_type=\"page\" \r\n\t            data-cat=\"\" \r\n\t            data-modified=\"120\"\r\n\t            data-created=\"1682803081\"\r\n\t            data-title=\"information\" \r\n\t            data-home=\"http:\/\/www.regndroppar.com\/blogg\/qub\"><\/div><div style=\"margin: 20px 0;\"><div class=\"qrcswholewtapper\" style=\"text-align:left;\"><div class=\"qrcprowrapper\"  id=\"qrcwraa2leds\"><div class=\"qrc_canvass\" id=\"qrc_cuttenpages_2\" style=\"display:inline-block\" data-text=\"http:\/\/www.regndroppar.com\/blogg\/qub\/information\/\"><\/div><\/div><\/div><\/div>","protected":false},"excerpt":{"rendered":"<p><span class=\"span-reading-time rt-reading-time\" style=\"display: block;\"><span class=\"rt-label rt-prefix\">L\u00e4stid: <\/span> <span class=\"rt-time\"> &lt; 1<\/span> <span class=\"rt-label rt-postfix\">minut<\/span><\/span>#tankar och resonemang F\u00f6r mig \u00e4r en personlig, \u00f6ppen, genuin, inbjudande och lyh\u00f6rd ton extremt viktig. Jag har de senaste 35 \u00e5ren jobbat aktivt med omv\u00e4rdsbevakning samt har ett stort informationsfl\u00f6de kring nya utvecklingar, gamla insikter och samtida utmaningar. Allt &hellip; <a class=\"more-link\" href=\"http:\/\/www.regndroppar.com\/blogg\/qub\/information\/\">l\u00e4s mer<\/a><\/p>","protected":false},"author":10,"featured_media":565,"parent":0,"menu_order":0,"comment_status":"closed","ping_status":"closed","template":"","meta":{"_crdt_document":"","_daextrevop_audio_file_url":"","_daextrevop_audio_file_creation_date":"","_daextrevop_text_to_speech":"","_daextrevop_document_type":"","footnotes":""},"class_list":["post-564","page","type-page","status-publish","has-post-thumbnail","hentry"],"blog_post_layout_featured_media_urls":{"thumbnail":["http:\/\/www.regndroppar.com\/blogg\/qub\/files\/2023\/04\/regndroppar-information-150x150.png",150,150,true],"full":["http:\/\/www.regndroppar.com\/blogg\/qub\/files\/2023\/04\/regndroppar-information.png",312,250,false]},"categories_names":null,"comments_number":"0","_links":{"self":[{"href":"http:\/\/www.regndroppar.com\/blogg\/qub\/wp-json\/wp\/v2\/pages\/564","targetHints":{"allow":["GET"]}}],"collection":[{"href":"http:\/\/www.regndroppar.com\/blogg\/qub\/wp-json\/wp\/v2\/pages"}],"about":[{"href":"http:\/\/www.regndroppar.com\/blogg\/qub\/wp-json\/wp\/v2\/types\/page"}],"author":[{"embeddable":true,"href":"http:\/\/www.regndroppar.com\/blogg\/qub\/wp-json\/wp\/v2\/users\/10"}],"replies":[{"embeddable":true,"href":"http:\/\/www.regndroppar.com\/blogg\/qub\/wp-json\/wp\/v2\/comments?post=564"}],"version-history":[{"count":6,"href":"http:\/\/www.regndroppar.com\/blogg\/qub\/wp-json\/wp\/v2\/pages\/564\/revisions"}],"predecessor-version":[{"id":641,"href":"http:\/\/www.regndroppar.com\/blogg\/qub\/wp-json\/wp\/v2\/pages\/564\/revisions\/641"}],"wp:featuredmedia":[{"embeddable":true,"href":"http:\/\/www.regndroppar.com\/blogg\/qub\/wp-json\/wp\/v2\/media\/565"}],"wp:attachment":[{"href":"http:\/\/www.regndroppar.com\/blogg\/qub\/wp-json\/wp\/v2\/media?parent=564"}],"curies":[{"name":"wp","href":"https:\/\/api.w.org\/{rel}","templated":true}]}}