{"id":567,"date":"2023-04-29T21:19:27","date_gmt":"2023-04-29T21:19:27","guid":{"rendered":"http:\/\/www.regndroppar.com\/blogg\/qub\/?page_id=567"},"modified":"2023-05-01T22:07:37","modified_gmt":"2023-05-01T22:07:37","slug":"lecture","status":"publish","type":"page","link":"http:\/\/www.regndroppar.com\/blogg\/qub\/lecture\/","title":{"rendered":"f\u00f6rel\u00e4sningar"},"content":{"rendered":"<span class=\"span-reading-time rt-reading-time\" style=\"display: block;\"><span class=\"rt-label rt-prefix\">L\u00e4stid: <\/span> <span class=\"rt-time\"> 2<\/span> <span class=\"rt-label rt-postfix\">minuter<\/span><\/span>\n<div class=\"wp-block-image\"><figure class=\"aligncenter size-large\"><img fetchpriority=\"high\" decoding=\"async\" width=\"312\" height=\"250\" src=\"http:\/\/www.regndroppar.com\/blogg\/qub\/files\/2023\/04\/regndroppar-lecture.png\" alt=\"F\u00f6rel\u00e4sningar\" class=\"wp-image-568\" srcset=\"http:\/\/www.regndroppar.com\/blogg\/qub\/files\/2023\/04\/regndroppar-lecture.png 312w, http:\/\/www.regndroppar.com\/blogg\/qub\/files\/2023\/04\/regndroppar-lecture-300x240.png 300w\" sizes=\"(max-width: 312px) 100vw, 312px\" \/><\/figure><\/div>\n\n\n\n<p class=\"wp-block-paragraph\"><em>#kurser och l\u00e4rande<\/em><\/p>\n\n\n\n<p class=\"wp-block-paragraph\">Sedan mitten av 2010-talet har jag jobbat med workshops, kurser, f\u00f6rel\u00e4sningar, webinarium, masterclasses och bootcamps kring personlig marketing, branding och digitalt skapande.<\/p>\n\n\n\n<p class=\"wp-block-paragraph\">Jag ser ofta behoven av att f\u00f6rst\u00e5 och l\u00e4ra sig, p\u00e5 ett enkelt och givande s\u00e4tt &#8211; kring det som m\u00e5nga vid en f\u00f6rsta anblick k\u00e4nner \u00e4r teknologiskt, trist, f\u00f6r mycket &#8211; samtidigt som de k\u00e4nner att det hade varit en annan sak om de f\u00f6rst\u00e5tt och kunnat.<\/p>\n\n\n\n<p class=\"wp-block-paragraph\">Utifr\u00e5n det s\u00e4tter jag ihop m\u00f6ten som bygger p\u00e5 att n\u00e5 de som redan fr\u00e5n b\u00f6rjan har intresse, men kanske framf\u00f6r allt \u00e4ven hemmasittare, introverta, de i ett digitalt utanf\u00f6rskap\/digital devide, de inom NPF\/Autism spektrumet, spr\u00e5ksvaga eller m\u00e4nniskor som p\u00e5 andra s\u00e4tt befinner sig i ett utanf\u00f6rskap samt initialt tror att allt s\u00e5nt h\u00e4r kanske kan vara bra &#8211; f\u00f6r andra..<\/p>\n\n\n\n<p class=\"wp-block-paragraph\">Feedback och reaktioner som jag f\u00e5tt p\u00e5 dessa &#8211; utifr\u00e5n tidigare kollegor, best\u00e4llare samt deltagare inkluderar f\u00f6ljande omd\u00f6men:<\/p>\n\n\n\n<p class=\"wp-block-paragraph\">\u2022 &#8220;<em>Innan k\u00e4nde jag att det d\u00e4r inte var n\u00e5got f\u00f6r mig, men sen fick jag veta mera och fick mitt material &#8211; nu f\u00f6rst\u00e5r jag verkligen vikten av att ha en video!<\/em>&#8220;. Deltagare. Man, 24 \u00e5r<\/p>\n\n\n\n<p class=\"wp-block-paragraph\">\u2022 &#8220;<em>Wow! Jag trodde aldrig att jag skulle f\u00e5 en bild som jag skulle vilja anv\u00e4nda, vilket jag nu har\u2026<\/em>&#8220;. Deltagare, Man 31\u00e5r<\/p>\n\n\n\n<p class=\"wp-block-paragraph\">\u2022 &#8220;<em>Jag har inte f\u00f6rst\u00e5tt vikten av det d\u00e4r med bild och video, har trott att det bara var f\u00f6r andra &#8211; men nu ser jag vilken skillnad det g\u00f6r!<\/em>&#8221; Deltagare, Kvinna 56\u00e5r<\/p>\n\n\n\n<p class=\"wp-block-paragraph\">\u2022 &#8220;<em>Alla skulle beh\u00f6va h\u00f6ra och f\u00e5 ta del av detta. Det k\u00e4nns s\u00e5 viktigt<\/em>&#8221; Deltagare, Man 23\u00e5r<\/p>\n\n\n\n<p class=\"wp-block-paragraph\">\u2022 &#8220;<em>S\u00e5 fantastiskt bem\u00f6tande du har, det sl\u00e5r mig varje g\u00e5ng jag h\u00f6r dig prata med v\u00e5ra deltagare.<\/em>&#8220;. Enhetschef p\u00e5 jobbtorg<\/p>\n\n\n\n<p class=\"wp-block-paragraph\">\u2022 &#8220;<em>Jag k\u00e4nde mig verkligen trygg n\u00e4r vi gjorde mitt material, vilket jag s\u00e4llan annars g\u00f6r.<\/em>&#8220;. Deltagare, Kvinna 26\u00e5r.<\/p>\n\n\n\n<p class=\"wp-block-paragraph\">\u2022 &#8220;<em>Jag trodde verkligen att det inte var n\u00e5gon ide f\u00f6r mig att ens ha en bild, men den och videon har verkligen gjort att jag vill skicka ut mitt material till arbetsgivare nu!<\/em>&#8221; Deltagare. Kvinna. 35\u00e5r<\/p>\n\n\n\n<p class=\"wp-block-paragraph\">\u2022 &#8220;<em>Fantastiskt att vi kan erbjuda v\u00e5ra deltagare detta. Det har verkligen hj\u00e4lpt flera av mina deltagare och de har k\u00e4nt sig s\u00e5 stolta efter\u00e5t!<\/em>&#8220;. Kollega<\/p>\n\n\n\n<p class=\"wp-block-paragraph\">\u2022 &#8220;<em>Trodde aldrig jag skulle f\u00e5 en s\u00e5n h\u00e4r m\u00f6jlighet, eller ens v\u00e5ga &#8211; Tack mediastudion f\u00f6r att jag fick det och att ni gav mig modet!<\/em>&#8220;. Deltagare. Kvinna 41\u00e5r<\/p>\n\n\n\n<p class=\"wp-block-paragraph\">\u2022 &#8220;<em>Jag ser verkligen fram emot att testa att g\u00f6ra en video, f\u00f6r det l\u00e5ter riktigt intressant, nu n\u00e4r jag f\u00f6rst\u00e5r vad det betyder och det k\u00e4nns tryggt att g\u00f6ra det med dig. Tror inte jag v\u00e5gat annars.<\/em>&#8221; Kvinna 47\u00e5r<\/p>\n\n\n\n<p class=\"wp-block-paragraph\">\u2022 &#8220;<em>\u2026du var suver\u00e4n!! M\u00e4rks att du \u00e4r van att m\u00f6ta v\u00e5ra aspiranter och mycket kunnig inom ditt omr\u00e5de<\/em>.&#8221;. Enhetschef p\u00e5 jobbtorg<\/p>\n\n\n\n<p class=\"wp-block-paragraph\"><em><a href=\"http:\/\/www.regndroppar.com\/blogg\/qub\/2023\/04\/07\/utbildnings-koncept\/\"><strong>H\u00c4R<\/strong> <\/a><\/em>kan du l\u00e4sa, lyssna och se n\u00e4rmare p\u00e5 vad jag spontant kan erbjuda just nu samt lite av vad jag tidigare erbjudit samt genomf\u00f6rt: <br>\u2022 <a href=\"http:\/\/www.regndroppar.com\/blogg\/qub\/2023\/04\/07\/utbildnings-koncept\/\"><strong>http:\/\/www.regndroppar.com\/blogg\/qub\/2023\/04\/07\/utbildnings-koncept\/<\/strong><\/a><\/p>\n<div class=\"gsp_post_data\" \r\n\t            data-post_type=\"page\" \r\n\t            data-cat=\"\" \r\n\t            data-modified=\"120\"\r\n\t            data-created=\"1682803167\"\r\n\t            data-title=\"f\u00f6rel\u00e4sningar\" \r\n\t            data-home=\"http:\/\/www.regndroppar.com\/blogg\/qub\"><\/div><div style=\"margin: 20px 0;\"><div class=\"qrcswholewtapper\" style=\"text-align:left;\"><div class=\"qrcprowrapper\"  id=\"qrcwraa2leds\"><div class=\"qrc_canvass\" id=\"qrc_cuttenpages_2\" style=\"display:inline-block\" data-text=\"http:\/\/www.regndroppar.com\/blogg\/qub\/lecture\/\"><\/div><\/div><\/div><\/div>","protected":false},"excerpt":{"rendered":"<p><span class=\"span-reading-time rt-reading-time\" style=\"display: block;\"><span class=\"rt-label rt-prefix\">L\u00e4stid: <\/span> <span class=\"rt-time\"> 2<\/span> <span class=\"rt-label rt-postfix\">minuter<\/span><\/span>#kurser och l\u00e4rande Sedan mitten av 2010-talet har jag jobbat med workshops, kurser, f\u00f6rel\u00e4sningar, webinarium, masterclasses och bootcamps kring personlig marketing, branding och digitalt skapande. Jag ser ofta behoven av att f\u00f6rst\u00e5 och l\u00e4ra sig, p\u00e5 ett enkelt och givande &hellip; <a class=\"more-link\" href=\"http:\/\/www.regndroppar.com\/blogg\/qub\/lecture\/\">l\u00e4s mer<\/a><\/p>","protected":false},"author":10,"featured_media":568,"parent":0,"menu_order":0,"comment_status":"closed","ping_status":"closed","template":"","meta":{"_crdt_document":"","_daextrevop_audio_file_url":"","_daextrevop_audio_file_creation_date":"","_daextrevop_text_to_speech":"","_daextrevop_document_type":"","footnotes":""},"class_list":["post-567","page","type-page","status-publish","has-post-thumbnail","hentry"],"blog_post_layout_featured_media_urls":{"thumbnail":["http:\/\/www.regndroppar.com\/blogg\/qub\/files\/2023\/04\/regndroppar-lecture-150x150.png",150,150,true],"full":["http:\/\/www.regndroppar.com\/blogg\/qub\/files\/2023\/04\/regndroppar-lecture.png",312,250,false]},"categories_names":null,"comments_number":"0","_links":{"self":[{"href":"http:\/\/www.regndroppar.com\/blogg\/qub\/wp-json\/wp\/v2\/pages\/567","targetHints":{"allow":["GET"]}}],"collection":[{"href":"http:\/\/www.regndroppar.com\/blogg\/qub\/wp-json\/wp\/v2\/pages"}],"about":[{"href":"http:\/\/www.regndroppar.com\/blogg\/qub\/wp-json\/wp\/v2\/types\/page"}],"author":[{"embeddable":true,"href":"http:\/\/www.regndroppar.com\/blogg\/qub\/wp-json\/wp\/v2\/users\/10"}],"replies":[{"embeddable":true,"href":"http:\/\/www.regndroppar.com\/blogg\/qub\/wp-json\/wp\/v2\/comments?post=567"}],"version-history":[{"count":12,"href":"http:\/\/www.regndroppar.com\/blogg\/qub\/wp-json\/wp\/v2\/pages\/567\/revisions"}],"predecessor-version":[{"id":648,"href":"http:\/\/www.regndroppar.com\/blogg\/qub\/wp-json\/wp\/v2\/pages\/567\/revisions\/648"}],"wp:featuredmedia":[{"embeddable":true,"href":"http:\/\/www.regndroppar.com\/blogg\/qub\/wp-json\/wp\/v2\/media\/568"}],"wp:attachment":[{"href":"http:\/\/www.regndroppar.com\/blogg\/qub\/wp-json\/wp\/v2\/media?parent=567"}],"curies":[{"name":"wp","href":"https:\/\/api.w.org\/{rel}","templated":true}]}}