{"id":571,"date":"2023-04-29T21:20:57","date_gmt":"2023-04-29T21:20:57","guid":{"rendered":"http:\/\/www.regndroppar.com\/blogg\/qub\/?page_id=571"},"modified":"2023-05-01T21:52:20","modified_gmt":"2023-05-01T21:52:20","slug":"coachning","status":"publish","type":"page","link":"http:\/\/www.regndroppar.com\/blogg\/qub\/coachning\/","title":{"rendered":"coachning"},"content":{"rendered":"<span class=\"span-reading-time rt-reading-time\" style=\"display: block;\"><span class=\"rt-label rt-prefix\">L\u00e4stid: <\/span> <span class=\"rt-time\"> &lt; 1<\/span> <span class=\"rt-label rt-postfix\">minut<\/span><\/span>\n<div class=\"wp-block-image\"><figure class=\"aligncenter size-large\"><img fetchpriority=\"high\" decoding=\"async\" width=\"312\" height=\"250\" src=\"http:\/\/www.regndroppar.com\/blogg\/qub\/files\/2023\/04\/regndroppar-coachning.png\" alt=\"Coachning\" class=\"wp-image-572\" srcset=\"http:\/\/www.regndroppar.com\/blogg\/qub\/files\/2023\/04\/regndroppar-coachning.png 312w, http:\/\/www.regndroppar.com\/blogg\/qub\/files\/2023\/04\/regndroppar-coachning-300x240.png 300w\" sizes=\"(max-width: 312px) 100vw, 312px\" \/><\/figure><\/div>\n\n\n\n<p class=\"wp-block-paragraph\"><em>#st\u00f6d och guidning<\/em><\/p>\n\n\n\n<p class=\"wp-block-paragraph\">Med min l\u00e5nga erfarenhet fr\u00e5n mediabranschen och mitt aktiva engagemang, s\u00e5 kan jag st\u00f6tt, hj\u00e4lpa och guida de som har olika intressen inom de kreativa yrkena och media.<\/p>\n\n\n\n<p class=\"wp-block-paragraph\">Fundamentalt f\u00f6r mig \u00e4r att inte l\u00e4gga ribban f\u00f6r l\u00e5gt, vilket tyv\u00e4rr \u00e4r allt f\u00f6r vanligt, eller landa p\u00e5 en torr teoretisk akademisk niv\u00e5, men att ist\u00e4llet se till att vi r\u00f6r oss i den genuint kreativa milj\u00f6n p\u00e5 ett semi-professionell plan.<\/p>\n\n\n\n<p class=\"wp-block-paragraph\">Jag kan visa p\u00e5 de uppenbara m\u00f6jligheterna, se och hitta ov\u00e4ntade sp\u00e5r samt spinna vidare utifr\u00e5n andra m\u00f6jligheter som man sj\u00e4lv kanske inte sett eller f\u00f6rst\u00e5tt finns inom digital produktion.<\/p>\n<div class=\"gsp_post_data\" \r\n\t            data-post_type=\"page\" \r\n\t            data-cat=\"\" \r\n\t            data-modified=\"120\"\r\n\t            data-created=\"1682803257\"\r\n\t            data-title=\"coachning\" \r\n\t            data-home=\"http:\/\/www.regndroppar.com\/blogg\/qub\"><\/div><div style=\"margin: 20px 0;\"><div class=\"qrcswholewtapper\" style=\"text-align:left;\"><div class=\"qrcprowrapper\"  id=\"qrcwraa2leds\"><div class=\"qrc_canvass\" id=\"qrc_cuttenpages_2\" style=\"display:inline-block\" data-text=\"http:\/\/www.regndroppar.com\/blogg\/qub\/coachning\/\"><\/div><\/div><\/div><\/div>","protected":false},"excerpt":{"rendered":"<p><span class=\"span-reading-time rt-reading-time\" style=\"display: block;\"><span class=\"rt-label rt-prefix\">L\u00e4stid: <\/span> <span class=\"rt-time\"> &lt; 1<\/span> <span class=\"rt-label rt-postfix\">minut<\/span><\/span>#st\u00f6d och guidning Med min l\u00e5nga erfarenhet fr\u00e5n mediabranschen och mitt aktiva engagemang, s\u00e5 kan jag st\u00f6tt, hj\u00e4lpa och guida de som har olika intressen inom de kreativa yrkena och media. Fundamentalt f\u00f6r mig \u00e4r att inte l\u00e4gga ribban f\u00f6r &hellip; <a class=\"more-link\" href=\"http:\/\/www.regndroppar.com\/blogg\/qub\/coachning\/\">l\u00e4s mer<\/a><\/p>","protected":false},"author":10,"featured_media":572,"parent":0,"menu_order":0,"comment_status":"closed","ping_status":"closed","template":"","meta":{"_crdt_document":"","_daextrevop_audio_file_url":"","_daextrevop_audio_file_creation_date":"","_daextrevop_text_to_speech":"","_daextrevop_document_type":"","footnotes":""},"class_list":["post-571","page","type-page","status-publish","has-post-thumbnail","hentry"],"blog_post_layout_featured_media_urls":{"thumbnail":["http:\/\/www.regndroppar.com\/blogg\/qub\/files\/2023\/04\/regndroppar-coachning-150x150.png",150,150,true],"full":["http:\/\/www.regndroppar.com\/blogg\/qub\/files\/2023\/04\/regndroppar-coachning.png",312,250,false]},"categories_names":null,"comments_number":"0","_links":{"self":[{"href":"http:\/\/www.regndroppar.com\/blogg\/qub\/wp-json\/wp\/v2\/pages\/571","targetHints":{"allow":["GET"]}}],"collection":[{"href":"http:\/\/www.regndroppar.com\/blogg\/qub\/wp-json\/wp\/v2\/pages"}],"about":[{"href":"http:\/\/www.regndroppar.com\/blogg\/qub\/wp-json\/wp\/v2\/types\/page"}],"author":[{"embeddable":true,"href":"http:\/\/www.regndroppar.com\/blogg\/qub\/wp-json\/wp\/v2\/users\/10"}],"replies":[{"embeddable":true,"href":"http:\/\/www.regndroppar.com\/blogg\/qub\/wp-json\/wp\/v2\/comments?post=571"}],"version-history":[{"count":9,"href":"http:\/\/www.regndroppar.com\/blogg\/qub\/wp-json\/wp\/v2\/pages\/571\/revisions"}],"predecessor-version":[{"id":633,"href":"http:\/\/www.regndroppar.com\/blogg\/qub\/wp-json\/wp\/v2\/pages\/571\/revisions\/633"}],"wp:featuredmedia":[{"embeddable":true,"href":"http:\/\/www.regndroppar.com\/blogg\/qub\/wp-json\/wp\/v2\/media\/572"}],"wp:attachment":[{"href":"http:\/\/www.regndroppar.com\/blogg\/qub\/wp-json\/wp\/v2\/media?parent=571"}],"curies":[{"name":"wp","href":"https:\/\/api.w.org\/{rel}","templated":true}]}}