{"id":574,"date":"2023-04-29T21:22:02","date_gmt":"2023-04-29T21:22:02","guid":{"rendered":"http:\/\/www.regndroppar.com\/blogg\/qub\/?page_id=574"},"modified":"2023-05-01T21:51:34","modified_gmt":"2023-05-01T21:51:34","slug":"tips","status":"publish","type":"page","link":"http:\/\/www.regndroppar.com\/blogg\/qub\/tips\/","title":{"rendered":"tips"},"content":{"rendered":"<span class=\"span-reading-time rt-reading-time\" style=\"display: block;\"><span class=\"rt-label rt-prefix\">L\u00e4stid: <\/span> <span class=\"rt-time\"> &lt; 1<\/span> <span class=\"rt-label rt-postfix\">minut<\/span><\/span>\n<div class=\"wp-block-image\"><figure class=\"aligncenter size-large\"><img decoding=\"async\" width=\"312\" height=\"158\" src=\"http:\/\/www.regndroppar.com\/blogg\/qub\/files\/2023\/04\/regndroppar-tips.png\" alt=\"Tips\" class=\"wp-image-575\" srcset=\"http:\/\/www.regndroppar.com\/blogg\/qub\/files\/2023\/04\/regndroppar-tips.png 312w, http:\/\/www.regndroppar.com\/blogg\/qub\/files\/2023\/04\/regndroppar-tips-300x152.png 300w\" sizes=\"(max-width: 312px) 100vw, 312px\" \/><\/figure><\/div>\n\n\n\n<p class=\"wp-block-paragraph\"><em>#l\u00e4nkar och liknande<\/em><\/p>\n\n\n\n<p class=\"wp-block-paragraph\">I dagens samh\u00e4lle s\u00e5 kommer alla intryck emot oss ofta p\u00e5 ett s\u00e4tt som g\u00f6r att det \u00e4r sv\u00e5rt att sortera, se sammanhang och f\u00f6rst\u00e5 inneb\u00f6rden av allt.<\/p>\n\n\n\n<p class=\"wp-block-paragraph\">Utifr\u00e5n alla de intryck jag sj\u00e4lv f\u00e5r fr\u00e5n personliga samtal till s\u00e5nt jag genom min erfarenhet kan f\u00e5nga upp kring en vetskap &#8211; som m\u00e5nga kan ha missat, men samtidigt kan ha hj\u00e4lp av det &#8211; s\u00e5 samlar jag st\u00e4ndigt p\u00e5 mig olika sm\u00e5 ov\u00e4ntade\/intressanta merv\u00e4rdes tips som jag med gl\u00e4dje delar.<br>Det kan handla om allt fr\u00e5n konkreta tips i en produktion, eller tips om hur man kan anv\u00e4nda en app p\u00e5 fler s\u00e4tt \u00e4n vad man f\u00f6rst trott eller f\u00f6rst\u00e5tt.<\/p>\n<div class=\"gsp_post_data\" \r\n\t            data-post_type=\"page\" \r\n\t            data-cat=\"\" \r\n\t            data-modified=\"120\"\r\n\t            data-created=\"1682803322\"\r\n\t            data-title=\"tips\" \r\n\t            data-home=\"http:\/\/www.regndroppar.com\/blogg\/qub\"><\/div><div style=\"margin: 20px 0;\"><div class=\"qrcswholewtapper\" style=\"text-align:left;\"><div class=\"qrcprowrapper\"  id=\"qrcwraa2leds\"><div class=\"qrc_canvass\" id=\"qrc_cuttenpages_2\" style=\"display:inline-block\" data-text=\"http:\/\/www.regndroppar.com\/blogg\/qub\/tips\/\"><\/div><\/div><\/div><\/div>","protected":false},"excerpt":{"rendered":"<p><span class=\"span-reading-time rt-reading-time\" style=\"display: block;\"><span class=\"rt-label rt-prefix\">L\u00e4stid: <\/span> <span class=\"rt-time\"> &lt; 1<\/span> <span class=\"rt-label rt-postfix\">minut<\/span><\/span>#l\u00e4nkar och liknande I dagens samh\u00e4lle s\u00e5 kommer alla intryck emot oss ofta p\u00e5 ett s\u00e4tt som g\u00f6r att det \u00e4r sv\u00e5rt att sortera, se sammanhang och f\u00f6rst\u00e5 inneb\u00f6rden av allt. Utifr\u00e5n alla de intryck jag sj\u00e4lv f\u00e5r fr\u00e5n personliga &hellip; <a class=\"more-link\" href=\"http:\/\/www.regndroppar.com\/blogg\/qub\/tips\/\">l\u00e4s mer<\/a><\/p>","protected":false},"author":10,"featured_media":575,"parent":0,"menu_order":0,"comment_status":"closed","ping_status":"closed","template":"","meta":{"_crdt_document":"","_daextrevop_audio_file_url":"","_daextrevop_audio_file_creation_date":"","_daextrevop_text_to_speech":"","_daextrevop_document_type":"","footnotes":""},"class_list":["post-574","page","type-page","status-publish","has-post-thumbnail","hentry"],"blog_post_layout_featured_media_urls":{"thumbnail":["http:\/\/www.regndroppar.com\/blogg\/qub\/files\/2023\/04\/regndroppar-tips-150x150.png",150,150,true],"full":["http:\/\/www.regndroppar.com\/blogg\/qub\/files\/2023\/04\/regndroppar-tips.png",312,158,false]},"categories_names":null,"comments_number":"0","_links":{"self":[{"href":"http:\/\/www.regndroppar.com\/blogg\/qub\/wp-json\/wp\/v2\/pages\/574","targetHints":{"allow":["GET"]}}],"collection":[{"href":"http:\/\/www.regndroppar.com\/blogg\/qub\/wp-json\/wp\/v2\/pages"}],"about":[{"href":"http:\/\/www.regndroppar.com\/blogg\/qub\/wp-json\/wp\/v2\/types\/page"}],"author":[{"embeddable":true,"href":"http:\/\/www.regndroppar.com\/blogg\/qub\/wp-json\/wp\/v2\/users\/10"}],"replies":[{"embeddable":true,"href":"http:\/\/www.regndroppar.com\/blogg\/qub\/wp-json\/wp\/v2\/comments?post=574"}],"version-history":[{"count":6,"href":"http:\/\/www.regndroppar.com\/blogg\/qub\/wp-json\/wp\/v2\/pages\/574\/revisions"}],"predecessor-version":[{"id":639,"href":"http:\/\/www.regndroppar.com\/blogg\/qub\/wp-json\/wp\/v2\/pages\/574\/revisions\/639"}],"wp:featuredmedia":[{"embeddable":true,"href":"http:\/\/www.regndroppar.com\/blogg\/qub\/wp-json\/wp\/v2\/media\/575"}],"wp:attachment":[{"href":"http:\/\/www.regndroppar.com\/blogg\/qub\/wp-json\/wp\/v2\/media?parent=574"}],"curies":[{"name":"wp","href":"https:\/\/api.w.org\/{rel}","templated":true}]}}