{"id":577,"date":"2023-04-29T21:23:07","date_gmt":"2023-04-29T21:23:07","guid":{"rendered":"http:\/\/www.regndroppar.com\/blogg\/qub\/?page_id=577"},"modified":"2023-05-01T21:54:39","modified_gmt":"2023-05-01T21:54:39","slug":"legal","status":"publish","type":"page","link":"http:\/\/www.regndroppar.com\/blogg\/qub\/legal\/","title":{"rendered":"legal"},"content":{"rendered":"<span class=\"span-reading-time rt-reading-time\" style=\"display: block;\"><span class=\"rt-label rt-prefix\">L\u00e4stid: <\/span> <span class=\"rt-time\"> &lt; 1<\/span> <span class=\"rt-label rt-postfix\">minut<\/span><\/span>\n<div class=\"wp-block-image\"><figure class=\"aligncenter size-large\"><img decoding=\"async\" width=\"312\" height=\"158\" src=\"http:\/\/www.regndroppar.com\/blogg\/qub\/files\/2023\/04\/regndroppar-legal.png\" alt=\"Legal\" class=\"wp-image-578\" srcset=\"http:\/\/www.regndroppar.com\/blogg\/qub\/files\/2023\/04\/regndroppar-legal.png 312w, http:\/\/www.regndroppar.com\/blogg\/qub\/files\/2023\/04\/regndroppar-legal-300x152.png 300w\" sizes=\"(max-width: 312px) 100vw, 312px\" \/><\/figure><\/div>\n\n\n\n<p class=\"wp-block-paragraph\">De bilder som jag tar \u00e5t dig under en personlig fotosession, f\u00e5r du sj\u00e4lvklart anv\u00e4nda f\u00f6r personligt bruk. Men b\u00e5de n\u00e4r de publicerar f\u00f6r privat eller kommersiellt bruk, s\u00e5 beh\u00f6ver f\u00f6ljande framg\u00e5: : <strong>\u00a9Andreas Melin, Regndroppar<\/strong><\/p>\n\n\n\n<p class=\"wp-block-paragraph\">Vid alla former av kommersiellt eller ideellt bruk (utanf\u00f6r det rent privata) s\u00e5 beh\u00f6ver du kontakta mig, s\u00e5 att det inte uppst\u00e5r n\u00e5gra on\u00f6diga juridiska fr\u00e5gor l\u00e4ngre fram.<\/p>\n\n\n\n<p class=\"wp-block-paragraph\">G\u00e4ller det event eller liknande, s\u00e5 skall min info alltid framg\u00e5 samt om de anv\u00e4nds i andra situationer och syften \u00e4n ursprungligen avtalat, s\u00e5 kontakta mig innan.<\/p>\n<div class=\"gsp_post_data\" \r\n\t            data-post_type=\"page\" \r\n\t            data-cat=\"\" \r\n\t            data-modified=\"120\"\r\n\t            data-created=\"1682803387\"\r\n\t            data-title=\"legal\" \r\n\t            data-home=\"http:\/\/www.regndroppar.com\/blogg\/qub\"><\/div><div style=\"margin: 20px 0;\"><div class=\"qrcswholewtapper\" style=\"text-align:left;\"><div class=\"qrcprowrapper\"  id=\"qrcwraa2leds\"><div class=\"qrc_canvass\" id=\"qrc_cuttenpages_2\" style=\"display:inline-block\" data-text=\"http:\/\/www.regndroppar.com\/blogg\/qub\/legal\/\"><\/div><\/div><\/div><\/div>","protected":false},"excerpt":{"rendered":"<p><span class=\"span-reading-time rt-reading-time\" style=\"display: block;\"><span class=\"rt-label rt-prefix\">L\u00e4stid: <\/span> <span class=\"rt-time\"> &lt; 1<\/span> <span class=\"rt-label rt-postfix\">minut<\/span><\/span>De bilder som jag tar \u00e5t dig under en personlig fotosession, f\u00e5r du sj\u00e4lvklart anv\u00e4nda f\u00f6r personligt bruk. Men b\u00e5de n\u00e4r de publicerar f\u00f6r privat eller kommersiellt bruk, s\u00e5 beh\u00f6ver f\u00f6ljande framg\u00e5: : \u00a9Andreas Melin, Regndroppar Vid alla former av &hellip; <a class=\"more-link\" href=\"http:\/\/www.regndroppar.com\/blogg\/qub\/legal\/\">l\u00e4s mer<\/a><\/p>","protected":false},"author":10,"featured_media":578,"parent":0,"menu_order":0,"comment_status":"closed","ping_status":"closed","template":"","meta":{"_crdt_document":"","_daextrevop_audio_file_url":"","_daextrevop_audio_file_creation_date":"","_daextrevop_text_to_speech":"","_daextrevop_document_type":"","footnotes":""},"class_list":["post-577","page","type-page","status-publish","has-post-thumbnail","hentry"],"blog_post_layout_featured_media_urls":{"thumbnail":["http:\/\/www.regndroppar.com\/blogg\/qub\/files\/2023\/04\/regndroppar-legal-150x150.png",150,150,true],"full":["http:\/\/www.regndroppar.com\/blogg\/qub\/files\/2023\/04\/regndroppar-legal.png",312,158,false]},"categories_names":null,"comments_number":"0","_links":{"self":[{"href":"http:\/\/www.regndroppar.com\/blogg\/qub\/wp-json\/wp\/v2\/pages\/577","targetHints":{"allow":["GET"]}}],"collection":[{"href":"http:\/\/www.regndroppar.com\/blogg\/qub\/wp-json\/wp\/v2\/pages"}],"about":[{"href":"http:\/\/www.regndroppar.com\/blogg\/qub\/wp-json\/wp\/v2\/types\/page"}],"author":[{"embeddable":true,"href":"http:\/\/www.regndroppar.com\/blogg\/qub\/wp-json\/wp\/v2\/users\/10"}],"replies":[{"embeddable":true,"href":"http:\/\/www.regndroppar.com\/blogg\/qub\/wp-json\/wp\/v2\/comments?post=577"}],"version-history":[{"count":6,"href":"http:\/\/www.regndroppar.com\/blogg\/qub\/wp-json\/wp\/v2\/pages\/577\/revisions"}],"predecessor-version":[{"id":642,"href":"http:\/\/www.regndroppar.com\/blogg\/qub\/wp-json\/wp\/v2\/pages\/577\/revisions\/642"}],"wp:featuredmedia":[{"embeddable":true,"href":"http:\/\/www.regndroppar.com\/blogg\/qub\/wp-json\/wp\/v2\/media\/578"}],"wp:attachment":[{"href":"http:\/\/www.regndroppar.com\/blogg\/qub\/wp-json\/wp\/v2\/media?parent=577"}],"curies":[{"name":"wp","href":"https:\/\/api.w.org\/{rel}","templated":true}]}}