{"id":580,"date":"2023-04-29T21:24:20","date_gmt":"2023-04-29T21:24:20","guid":{"rendered":"http:\/\/www.regndroppar.com\/blogg\/qub\/?page_id=580"},"modified":"2026-04-19T20:14:06","modified_gmt":"2026-04-19T20:14:06","slug":"personligt","status":"publish","type":"page","link":"http:\/\/www.regndroppar.com\/blogg\/qub\/personligt\/","title":{"rendered":"personligt"},"content":{"rendered":"<span class=\"span-reading-time rt-reading-time\" style=\"display: block;\"><span class=\"rt-label rt-prefix\">L\u00e4stid: <\/span> <span class=\"rt-time\"> 4<\/span> <span class=\"rt-label rt-postfix\">minuter<\/span><\/span><div class=\"wp-block-image\">\n<figure class=\"aligncenter size-large\"><img decoding=\"async\" width=\"312\" height=\"156\" src=\"http:\/\/www.regndroppar.com\/blogg\/qub\/files\/2023\/04\/regndroppar-personal.png\" alt=\"Personligt\" class=\"wp-image-581\" srcset=\"http:\/\/www.regndroppar.com\/blogg\/qub\/files\/2023\/04\/regndroppar-personal.png 312w, http:\/\/www.regndroppar.com\/blogg\/qub\/files\/2023\/04\/regndroppar-personal-300x150.png 300w\" sizes=\"(max-width: 312px) 100vw, 312px\" \/><\/figure>\n<\/div>\n\n\n<p class=\"wp-block-paragraph\"><em>#historia och bakgrund<\/em><\/p>\n\n\n\n<div style=\"height:30px\" aria-hidden=\"true\" class=\"wp-block-spacer\"><\/div>\n\n\n\n<h2 class=\"wp-block-heading\">OG <em>Digital Native<\/em><\/h2>\n\n\n\n<p class=\"wp-block-paragraph\">Jag har varit digitalt aktiv sedan b\u00f6rjan av 1980, och n\u00e5got som man l\u00e4rt sig med tiden \u00e4r att det d\u00e4r med &#8220;<em>En g\u00e5ng p\u00e5 n\u00e4tet, alltid p\u00e5 n\u00e4tet<\/em>&#8220;, tyv\u00e4rr inte \u00e4r s\u00e5 sant som man tror&#8230;<\/p>\n\n\n\n<p class=\"wp-block-paragraph\">F\u00f6retag f\u00f6rsvinner, sidor g\u00f6rs om, servrar och leverant\u00f6rer upph\u00f6r samt tidigare snabb hittad information f\u00f6rsvinner i s\u00f6kmotorernas uppdaterade algoritmer samt v\u00e4rldens allm\u00e4nna s\u00f6k historik.<\/p>\n\n\n\n<figure class=\"wp-block-image size-large\"><img fetchpriority=\"high\" decoding=\"async\" width=\"1024\" height=\"1024\" src=\"http:\/\/www.regndroppar.com\/blogg\/qub\/files\/2022\/11\/qub-me-1024x1024.jpg\" alt=\"\" class=\"wp-image-22\" srcset=\"http:\/\/www.regndroppar.com\/blogg\/qub\/files\/2022\/11\/qub-me-1024x1024.jpg 1024w, http:\/\/www.regndroppar.com\/blogg\/qub\/files\/2022\/11\/qub-me-300x300.jpg 300w, http:\/\/www.regndroppar.com\/blogg\/qub\/files\/2022\/11\/qub-me-150x150.jpg 150w, http:\/\/www.regndroppar.com\/blogg\/qub\/files\/2022\/11\/qub-me-768x768.jpg 768w, http:\/\/www.regndroppar.com\/blogg\/qub\/files\/2022\/11\/qub-me-1536x1536.jpg 1536w, http:\/\/www.regndroppar.com\/blogg\/qub\/files\/2022\/11\/qub-me-370x370.jpg 370w, http:\/\/www.regndroppar.com\/blogg\/qub\/files\/2022\/11\/qub-me-1040x1040.jpg 1040w, http:\/\/www.regndroppar.com\/blogg\/qub\/files\/2022\/11\/qub-me.jpg 1600w\" sizes=\"(max-width: 1024px) 100vw, 1024px\" \/><\/figure>\n\n\n\n<p class=\"wp-block-paragraph\">Tipsen som jag numera ger alla, men \u00e4nd\u00e5 st\u00e4ndigt sj\u00e4lv \u00e4r v\u00e4rdel\u00f6s p\u00e5, \u00e4r att alltid arkivera, ladda ner, ta sk\u00e4rmdumpar och spara allt.<\/p>\n\n\n\n<h2 class=\"wp-block-heading\">Spara dina sp\u00e5r<\/h2>\n\n\n\n<p class=\"wp-block-paragraph\">&#8211; <em>Detta g\u00e4ller oavsett om det \u00e4r p\u00e5 n\u00e5gons webbsida, ett intran\u00e4t eller en webbs\u00e4ndning av n\u00e5got slag. Spara ner, klipp ut det som \u00e4r relevant g\u00e4llande dig och anteckna datum samt k\u00e4lla och l\u00e4gg sedan upp det sj\u00e4lv p\u00e5 tv\u00e5 olika molntj\u00e4nster (<strong>Google Drive<\/strong>, <strong>Microsoft OneDrive<\/strong>, <strong>Apple iCloud<\/strong>, <strong>Samsung Cloud<\/strong> etc), f\u00f6r du vet aldrig n\u00e4r din egen dator d\u00f6r eller blir stulen, alternativt att bara h\u00e5rddisken kraschar rej\u00e4lt.<\/em><\/p>\n\n\n\n<p class=\"wp-block-paragraph\">De konkreta saker som jag faktiskt har med mig \u00e4r bl.a. DSLR, actioncamera, 360 kamera, VR180 kamera, Gimbal och till och med 360 3D kamera, dr\u00f6nare, podd-utrustning, ljud och ljus, videostreaming mixer m.m.<\/p>\n\n\n\n<p class=\"wp-block-paragraph\">Min tanke \u00e4r att mitt arbete skall aldrig limitera id\u00e9er och innovationer p\u00e5 grund av investeringstak eller liknande &#8211; s\u00e5 den enda  investeringen man beh\u00f6ver g\u00f6ra, \u00e4r i mig &#8211; och d\u00e5 f\u00e5r man allt p\u00e5 k\u00f6pet, f\u00f6r att konkret kunna se om det \u00e4r n\u00e5got man vill satsa p\u00e5.<\/p>\n\n\n\n<p class=\"wp-block-paragraph\"><\/p>\n\n\n\n<h2 class=\"wp-block-heading\">Mina bilder<\/h2>\n\n\n\n<p class=\"wp-block-paragraph\">H\u00e4r kan du ta del av n\u00e5gra blandade bilder som jag tagit under \u00e5ren:<br>\u2022<em><strong> <a href=\"https:\/\/photos.app.goo.gl\/1cgm6MbGf5h8rrzdA\" target=\"_blank\" rel=\"noreferrer noopener\">https:\/\/photos.app.goo.gl\/1cgm6MbGf5h8rrzdA<\/a><\/strong><\/em><\/p>\n\n\n\n<h2 class=\"wp-block-heading\">Lyssna p\u00e5 mig och min resa<\/h2>\n\n\n\n<p class=\"wp-block-paragraph\">Fokus h\u00e4r \u00e4r dock en en liten sak som p\u00e5passligt kallas:<strong> #podden om mig<\/strong><\/p>\n\n\n\n<p class=\"wp-block-paragraph\">Tanken \u00e4r att man sj\u00e4lv kan f\u00e5 ta del av mina mjuka v\u00e4rden och kunskaper samt allt s\u00e5nt som jag gjort, som i m\u00e5nga fall inte l\u00e4ngre finns kvar p\u00e5 n\u00e4tet. Just f\u00f6r att jag \u00e4r sj\u00e4lvl\u00e4rd i s\u00e5 mycket och sj\u00e4lv startat upp helt nya och egna saker som blir sv\u00e5rt att bara f\u00e5 ner i svartvita siffror&#8230;<\/p>\n\n\n\n<p class=\"wp-block-paragraph\">\u00c4ven om jag har jobbat med <strong>MI<\/strong>, <strong>SE<\/strong>, och <strong>MR<\/strong>-Coach samt p\u00e5 <strong>LSS<\/strong> Boende och i ett decenium p\u00e5 Stockholms Stad, under Arbetsmarknadsf\u00f6rfaltningen och <strong>Jobbtorgen <\/strong>med Enhet St\u00f6d; f\u00f6r deltagare l\u00e5ngt i fr\u00e5n arbetsmarknaden, samt p\u00e5 <strong>Dagligverksamhet <\/strong>inom LSS. &#8211; s\u00e5 finns det mer saker till allt \u00e4n det \ud83d\ude42<\/p>\n\n\n\n<p class=\"wp-block-paragraph\">&#8211;<\/p>\n\n\n\n<p class=\"wp-block-paragraph\">\u00c4ven om jag n\u00e4stan j\u00e4mt drivits av devisen: &#8220;<em>Om du inte kan vad du vill, s\u00e5 m\u00e5ste du vilja vad du kan<\/em>&#8221; och f\u00f6rs\u00f6kt f\u00e5 m\u00e4niskor att se sitt eget v\u00e4rde, kraft och kunskap samt att de skall f\u00f6rst\u00e5 vad de kan g\u00f6ra med det, och inte bara upprepa vad n\u00e5gon annan sagt, f\u00f6r att gl\u00f6mma det en vecka senare&#8230;<\/p>\n\n\n\n<p class=\"wp-block-paragraph\">Grunden till min egen utvecklade metod och princip: <strong>IDE &#8211; Individuell Digital Egenmakt.<\/strong><\/p>\n\n\n\n<p class=\"wp-block-paragraph\">Sen har jag haft min B2B model, d\u00e4r jag lekt med en annan term: <strong>KBT &#8211; Kundfokus och Betryggande Teknik<\/strong>, som bygger att att g\u00e5 \u00f6ver den digitala klyftan f\u00f6r att skapa m\u00f6jligheter som k\u00e4nns att man klarar av, f\u00f6r att \u00e4nd\u00e5 n\u00e5 ut med full impakt.<\/p>\n\n\n\n<p class=\"wp-block-paragraph\">Egentligen \u00e4r detta bara en l\u00e4ttsam, v\u00e4ldigt fri och \u00f6ppen lek med konceptet kring personliga brev, CV:n och m\u00f6ten &#8211; bara n\u00e5got att lyssna p\u00e5 om man vill, fullst\u00e4ndigt kravl\u00f6st.<\/p>\n\n\n\n<figure class=\"wp-block-embed is-type-rich is-provider-soundcloud wp-block-embed-soundcloud wp-embed-aspect-4-3 wp-has-aspect-ratio\"><div class=\"wp-block-embed__wrapper\">\n<iframe title=\"Podden om mig by AID\" width=\"690\" height=\"400\" scrolling=\"no\" frameborder=\"no\" src=\"https:\/\/w.soundcloud.com\/player\/?visual=true&#038;url=https%3A%2F%2Fapi.soundcloud.com%2Ftracks%2F1507254730&#038;show_artwork=true&#038;maxheight=1000&#038;maxwidth=690&#038;secret_token=s-5MW7WQy4wpI\"><\/iframe>\n<\/div><figcaption class=\"wp-element-caption\"><a href=\"https:\/\/bit.ly\/3NKXPzR\" target=\"_blank\" rel=\"noreferrer noopener\">https:\/\/bit.ly\/3NKXPzR<\/a><\/figcaption><\/figure>\n\n\n\n<h2 class=\"wp-block-heading\">L\u00e4r av varandra<\/h2>\n\n\n\n<p class=\"wp-block-paragraph\">Vi har alla s\u00e5 mycket erfarenheter och kunskaper som s\u00e5 ofta f\u00f6rsvinner i vardagens m\u00f6ten &#8211; jag f\u00f6rs\u00f6kte dra ig\u00e5ng ett nyhetsbrev f\u00f6r en massa \u00e5r sedan p\u00e5 mitt gamla jobb under termen &#8220;<strong><em>Vi l\u00e4r av varandra<\/em><\/strong>&#8220;, d\u00e4r tanken var att alla skulle kunna dela med sig av sm\u00e5 tips eller omv\u00e4rldsbevakning och reflektioner, som kunde vara v\u00e4rdefullt f\u00f6r fler. Tyv\u00e4rr visade sig f\u00f6retagskulturen just i den gruppen inte vara den kunskaps gener\u00f6sa delen &#8211; men jag gjorde ett f\u00f6rs\u00f6k i alla fall.<\/p>\n\n\n\n<p class=\"wp-block-paragraph\">Det \u00e4r s\u00e4llan man kan f\u00e5 reda p\u00e5 vad ens kollegor och \u00e4ven v\u00e4nner egentligen gjort i livet &#8211; och d\u00e4rav s\u00e5 kanske man g\u00e5r miste om kunskap, inspiration, hj\u00e4lp och st\u00f6d i olika situationer. S\u00e5 det var med det i bakhuvudet som jag kom p\u00e5 id\u00e9n om bara s\u00e4tta ihop en v\u00e4ldigt rak och enkel tillbaka blick \u00f6ver vad jag egentligen gjort av all tid och dagar fram till nu.<\/p>\n\n\n\n<p class=\"wp-block-paragraph\"><strong>H\u00e4r kan du sen se lite av nya saker som jag satt ihop i form av Masterclasses, workshops, inspirationsf\u00f6rel\u00e4sningar etc:<\/strong><br>L\u00c4NK: <a href=\"http:\/\/www.regndroppar.com\/blogg\/qub\/2023\/04\/07\/utbildnings-koncept\/\">http:\/\/www.regndroppar.com\/blogg\/qub\/2023\/04\/07\/utbildnings-koncept\/<\/a><\/p>\n\n\n\n<div style=\"height:30px\" aria-hidden=\"true\" class=\"wp-block-spacer\"><\/div>\n\n\n\n<h2 class=\"wp-block-heading\">Ta del av min resa!<\/h2>\n\n\n\n<figure class=\"wp-block-image size-large\"><img decoding=\"async\" width=\"1024\" height=\"724\" src=\"http:\/\/www.regndroppar.com\/blogg\/qub\/files\/2023\/04\/08-01_am-nm-aa-a4a-1024x724-1.png\" alt=\"\" class=\"wp-image-406\" srcset=\"http:\/\/www.regndroppar.com\/blogg\/qub\/files\/2023\/04\/08-01_am-nm-aa-a4a-1024x724-1.png 1024w, http:\/\/www.regndroppar.com\/blogg\/qub\/files\/2023\/04\/08-01_am-nm-aa-a4a-1024x724-1-300x212.png 300w, http:\/\/www.regndroppar.com\/blogg\/qub\/files\/2023\/04\/08-01_am-nm-aa-a4a-1024x724-1-768x543.png 768w\" sizes=\"(max-width: 1024px) 100vw, 1024px\" \/><\/figure>\n\n\n\n<div style=\"height:30px\" aria-hidden=\"true\" class=\"wp-block-spacer\"><\/div>\n\n\n\n<figure class=\"wp-block-embed is-type-video is-provider-youtube wp-block-embed-youtube wp-embed-aspect-4-3 wp-has-aspect-ratio\"><div class=\"wp-block-embed__wrapper\">\n<iframe title=\"One Eye-Q=Young Wizdom - Trouble Row\" width=\"690\" height=\"518\" src=\"https:\/\/www.youtube.com\/embed\/c_VzVVB0Nkk?feature=oembed\" frameborder=\"0\" allow=\"accelerometer; autoplay; clipboard-write; encrypted-media; gyroscope; picture-in-picture; web-share\" referrerpolicy=\"strict-origin-when-cross-origin\" allowfullscreen><\/iframe>\n<\/div><figcaption class=\"wp-element-caption\"><em>Fr\u00e5n bl.a. soundtracket till filmen <a href=\"https:\/\/www.youtube.com\/watch?v=LWzGyuDsFNI\" target=\"_blank\" rel=\"noreferrer noopener\">S\u00f6karna <\/a>av <strong>Daniel Fridell<\/strong> och <strong>Peter Cartrier<\/strong>.<\/em><\/figcaption><\/figure>\n<div class=\"gsp_post_data\" \r\n\t            data-post_type=\"page\" \r\n\t            data-cat=\"\" \r\n\t            data-modified=\"120\"\r\n\t            data-created=\"1682803460\"\r\n\t            data-title=\"personligt\" \r\n\t            data-home=\"http:\/\/www.regndroppar.com\/blogg\/qub\"><\/div><div style=\"margin: 20px 0;\"><div class=\"qrcswholewtapper\" style=\"text-align:left;\"><div class=\"qrcprowrapper\"  id=\"qrcwraa2leds\"><div class=\"qrc_canvass\" id=\"qrc_cuttenpages_2\" style=\"display:inline-block\" data-text=\"http:\/\/www.regndroppar.com\/blogg\/qub\/personligt\/\"><\/div><\/div><\/div><\/div>","protected":false},"excerpt":{"rendered":"<p><span class=\"span-reading-time rt-reading-time\" style=\"display: block;\"><span class=\"rt-label rt-prefix\">L\u00e4stid: <\/span> <span class=\"rt-time\"> 4<\/span> <span class=\"rt-label rt-postfix\">minuter<\/span><\/span>#historia och bakgrund OG Digital Native Jag har varit digitalt aktiv sedan b\u00f6rjan av 1980, och n\u00e5got som man l\u00e4rt sig med tiden \u00e4r att det d\u00e4r med &#8220;En g\u00e5ng p\u00e5 n\u00e4tet, alltid p\u00e5 n\u00e4tet&#8220;, tyv\u00e4rr inte \u00e4r s\u00e5 sant &hellip; <a class=\"more-link\" href=\"http:\/\/www.regndroppar.com\/blogg\/qub\/personligt\/\">l\u00e4s mer<\/a><\/p>","protected":false},"author":10,"featured_media":581,"parent":0,"menu_order":0,"comment_status":"closed","ping_status":"closed","template":"","meta":{"_crdt_document":"","_daextrevop_audio_file_url":"","_daextrevop_audio_file_creation_date":"","_daextrevop_text_to_speech":"","_daextrevop_document_type":"","footnotes":""},"class_list":["post-580","page","type-page","status-publish","has-post-thumbnail","hentry"],"blog_post_layout_featured_media_urls":{"thumbnail":["http:\/\/www.regndroppar.com\/blogg\/qub\/files\/2023\/04\/regndroppar-personal-150x150.png",150,150,true],"full":["http:\/\/www.regndroppar.com\/blogg\/qub\/files\/2023\/04\/regndroppar-personal.png",312,156,false]},"categories_names":null,"comments_number":"0","_links":{"self":[{"href":"http:\/\/www.regndroppar.com\/blogg\/qub\/wp-json\/wp\/v2\/pages\/580","targetHints":{"allow":["GET"]}}],"collection":[{"href":"http:\/\/www.regndroppar.com\/blogg\/qub\/wp-json\/wp\/v2\/pages"}],"about":[{"href":"http:\/\/www.regndroppar.com\/blogg\/qub\/wp-json\/wp\/v2\/types\/page"}],"author":[{"embeddable":true,"href":"http:\/\/www.regndroppar.com\/blogg\/qub\/wp-json\/wp\/v2\/users\/10"}],"replies":[{"embeddable":true,"href":"http:\/\/www.regndroppar.com\/blogg\/qub\/wp-json\/wp\/v2\/comments?post=580"}],"version-history":[{"count":30,"href":"http:\/\/www.regndroppar.com\/blogg\/qub\/wp-json\/wp\/v2\/pages\/580\/revisions"}],"predecessor-version":[{"id":1139,"href":"http:\/\/www.regndroppar.com\/blogg\/qub\/wp-json\/wp\/v2\/pages\/580\/revisions\/1139"}],"wp:featuredmedia":[{"embeddable":true,"href":"http:\/\/www.regndroppar.com\/blogg\/qub\/wp-json\/wp\/v2\/media\/581"}],"wp:attachment":[{"href":"http:\/\/www.regndroppar.com\/blogg\/qub\/wp-json\/wp\/v2\/media?parent=580"}],"curies":[{"name":"wp","href":"https:\/\/api.w.org\/{rel}","templated":true}]}}